{"id":36,"date":"2025-01-17T23:36:11","date_gmt":"2025-01-17T23:36:11","guid":{"rendered":"https:\/\/outsidein.pt\/?page_id=36"},"modified":"2025-01-30T01:29:30","modified_gmt":"2025-01-30T01:29:30","slug":"sobre-nos","status":"publish","type":"page","link":"https:\/\/outsidein.pt\/?page_id=36","title":{"rendered":"Sobre N\u00f3s"},"content":{"rendered":"\t\t<div data-elementor-type=\"wp-page\" data-elementor-id=\"36\" class=\"elementor elementor-36\">\n\t\t\t\t<div class=\"elementor-element elementor-element-3ffa0ad e-flex e-con-boxed e-con e-parent\" data-id=\"3ffa0ad\" data-element_type=\"container\" data-settings=\"{&quot;background_background&quot;:&quot;classic&quot;}\">\n\t\t\t\t\t<div class=\"e-con-inner\">\n\t\t<div class=\"elementor-element elementor-element-28e9b61 e-con-full e-flex e-con e-child\" data-id=\"28e9b61\" data-element_type=\"container\">\n\t\t\t\t<\/div>\n\t\t\t\t\t<\/div>\n\t\t\t\t<\/div>\n\t\t<div class=\"elementor-element elementor-element-00a1e8e e-flex e-con-boxed e-con e-parent\" data-id=\"00a1e8e\" data-element_type=\"container\" data-settings=\"{&quot;background_background&quot;:&quot;classic&quot;}\">\n\t\t\t\t\t<div class=\"e-con-inner\">\n\t\t<div class=\"elementor-element elementor-element-7a6c64f e-con-full e-flex e-con e-child\" data-id=\"7a6c64f\" data-element_type=\"container\">\n\t\t\t\t<div class=\"elementor-element elementor-element-9bbb3cf elementor-widget elementor-widget-heading\" data-id=\"9bbb3cf\" data-element_type=\"widget\" data-widget_type=\"heading.default\">\n\t\t\t\t<div class=\"elementor-widget-container\">\n\t\t\t\t\t<h2 class=\"elementor-heading-title elementor-size-default\">Sobre N\u00f3s<\/h2>\t\t\t\t<\/div>\n\t\t\t\t<\/div>\n\t\t\t\t<\/div>\n\t\t<div class=\"elementor-element elementor-element-7125b0b e-con-full e-flex e-con e-child\" data-id=\"7125b0b\" data-element_type=\"container\">\n\t\t\t\t<div class=\"elementor-element elementor-element-d93839a elementor-widget elementor-widget-text-editor\" data-id=\"d93839a\" data-element_type=\"widget\" data-widget_type=\"text-editor.default\">\n\t\t\t\t<div class=\"elementor-widget-container\">\n\t\t\t\t\t\t\t\t\t<p>Outside In nasceu com um prop\u00f3sito simples, mas ambicioso: transformar cada espet\u00e1culo ao vivo numa experi\u00eancia \u00fanica e inesquec\u00edvel, tanto para o p\u00fablico como para os artistas. Acreditamos no poder da m\u00fasica e das artes para emocionar, inspirar e criar momentos que perduram na mem\u00f3ria.<\/p><p>Fundada por dois apaixonados pela m\u00fasica e pelo meio art\u00edstico, a Outside In re\u00fane d\u00e9cadas de experi\u00eancia e dedica\u00e7\u00e3o. Um dos fundadores \u00e9 o director da prestigiada London Central Music School, al\u00e9m de m\u00fasico reconhecido e professor no ensino superior de m\u00fasica. O outro traz uma s\u00f3lida carreira em produ\u00e7\u00e3o t\u00e9cnica e art\u00edstica, com um foco na cria\u00e7\u00e3o de espet\u00e1culos que se destacam pela qualidade e aten\u00e7\u00e3o aos pormenores.<\/p><p>Enquanto promotora e ag\u00eancia de m\u00fasicos, trabalhamos lado a lado com artistas para potenciar as suas carreiras. Apoiamos talentos em todas as etapas, desde a sua descoberta at\u00e9 \u00e0 cria\u00e7\u00e3o de oportunidades que permitem que brilhem nos palcos e cheguem a novos p\u00fablicos. Para n\u00f3s, cada artista \u00e9 \u00fanico, e o nosso objetivo \u00e9 dar-lhes as ferramentas e o espa\u00e7o necess\u00e1rios para que alcancem o seu verdadeiro potencial.<\/p><p>A nossa miss\u00e3o \u00e9 clara e ambiciosa: elevar o padr\u00e3o da produ\u00e7\u00e3o e programa\u00e7\u00e3o art\u00edstica em Portugal. Queremos colmatar lacunas, trazer ao p\u00fablico espet\u00e1culos de excel\u00eancia e promover o talento art\u00edstico com profissionalismo, rigor e uma paix\u00e3o inabal\u00e1vel. Acreditamos na for\u00e7a das grandes produ\u00e7\u00f5es, mas tamb\u00e9m nas pequenas hist\u00f3rias que emocionam e tocam o cora\u00e7\u00e3o de cada espectador.<\/p><p>Privilegiamos a inova\u00e7\u00e3o, a autenticidade e o impacto emocional. Queremos que os nossos espet\u00e1culos n\u00e3o sejam apenas eventos, mas verdadeiras celebra\u00e7\u00f5es da m\u00fasica e das artes. Trabalhamos para criar momentos que ressoam na alma do p\u00fablico, que arrancam aplausos emocionados e que deixam mem\u00f3rias inesquec\u00edveis.<\/p><p>Na Outside In, somos mais do que uma promotora. Somos contadores de hist\u00f3rias, criadores de pontes entre os artistas e o p\u00fablico. Cada projeto que abra\u00e7amos \u00e9 conduzido com \u00e9tica, dedica\u00e7\u00e3o e um compromisso inabal\u00e1vel com a excel\u00eancia.<\/p><p>Junte-se a n\u00f3s nesta jornada emocionante. Venha viver a m\u00fasica como nunca antes e descubra a magia que acontece quando talento e paix\u00e3o se encontram. Outside In \u2013 onde os sonhos se tornam realidade.<\/p>\t\t\t\t\t\t\t\t<\/div>\n\t\t\t\t<\/div>\n\t\t\t\t<\/div>\n\t\t\t\t\t<\/div>\n\t\t\t\t<\/div>\n\t\t<div class=\"elementor-element elementor-element-8c1a1a7 e-flex e-con-boxed e-con e-parent\" data-id=\"8c1a1a7\" data-element_type=\"container\" data-settings=\"{&quot;background_background&quot;:&quot;classic&quot;}\">\n\t\t\t\t\t<div class=\"e-con-inner\">\n\t\t<div class=\"elementor-element elementor-element-780055e e-con-full e-flex e-con e-child\" data-id=\"780055e\" data-element_type=\"container\">\n\t\t\t\t<div class=\"elementor-element elementor-element-8debc1f e-grid-align-right e-grid-align-mobile-center elementor-widget-mobile__width-initial elementor-shape-rounded elementor-grid-0 elementor-widget elementor-widget-social-icons\" data-id=\"8debc1f\" data-element_type=\"widget\" data-widget_type=\"social-icons.default\">\n\t\t\t\t<div class=\"elementor-widget-container\">\n\t\t\t\t\t\t\t<div class=\"elementor-social-icons-wrapper elementor-grid\">\n\t\t\t\t\t\t\t<span class=\"elementor-grid-item\">\n\t\t\t\t\t<a class=\"elementor-icon elementor-social-icon elementor-social-icon-facebook elementor-animation-shrink elementor-repeater-item-f858908\" href=\"https:\/\/www.facebook.com\/outsidein.pt\" target=\"_blank\">\n\t\t\t\t\t\t<span class=\"elementor-screen-only\">Facebook<\/span>\n\t\t\t\t\t\t<svg class=\"e-font-icon-svg e-fab-facebook\" viewBox=\"0 0 512 512\" xmlns=\"http:\/\/www.w3.org\/2000\/svg\"><path d=\"M504 256C504 119 393 8 256 8S8 119 8 256c0 123.78 90.69 226.38 209.25 245V327.69h-63V256h63v-54.64c0-62.15 37-96.48 93.67-96.48 27.14 0 55.52 4.84 55.52 4.84v61h-31.28c-30.8 0-40.41 19.12-40.41 38.73V256h68.78l-11 71.69h-57.78V501C413.31 482.38 504 379.78 504 256z\"><\/path><\/svg>\t\t\t\t\t<\/a>\n\t\t\t\t<\/span>\n\t\t\t\t\t\t\t<span class=\"elementor-grid-item\">\n\t\t\t\t\t<a class=\"elementor-icon elementor-social-icon elementor-social-icon-instagram elementor-animation-shrink elementor-repeater-item-07ca896\" href=\"http:\/\/www.instagram.com\/outsidein.pt\" target=\"_blank\">\n\t\t\t\t\t\t<span class=\"elementor-screen-only\">Instagram<\/span>\n\t\t\t\t\t\t<svg class=\"e-font-icon-svg e-fab-instagram\" viewBox=\"0 0 448 512\" xmlns=\"http:\/\/www.w3.org\/2000\/svg\"><path d=\"M224.1 141c-63.6 0-114.9 51.3-114.9 114.9s51.3 114.9 114.9 114.9S339 319.5 339 255.9 287.7 141 224.1 141zm0 189.6c-41.1 0-74.7-33.5-74.7-74.7s33.5-74.7 74.7-74.7 74.7 33.5 74.7 74.7-33.6 74.7-74.7 74.7zm146.4-194.3c0 14.9-12 26.8-26.8 26.8-14.9 0-26.8-12-26.8-26.8s12-26.8 26.8-26.8 26.8 12 26.8 26.8zm76.1 27.2c-1.7-35.9-9.9-67.7-36.2-93.9-26.2-26.2-58-34.4-93.9-36.2-37-2.1-147.9-2.1-184.9 0-35.8 1.7-67.6 9.9-93.9 36.1s-34.4 58-36.2 93.9c-2.1 37-2.1 147.9 0 184.9 1.7 35.9 9.9 67.7 36.2 93.9s58 34.4 93.9 36.2c37 2.1 147.9 2.1 184.9 0 35.9-1.7 67.7-9.9 93.9-36.2 26.2-26.2 34.4-58 36.2-93.9 2.1-37 2.1-147.8 0-184.8zM398.8 388c-7.8 19.6-22.9 34.7-42.6 42.6-29.5 11.7-99.5 9-132.1 9s-102.7 2.6-132.1-9c-19.6-7.8-34.7-22.9-42.6-42.6-11.7-29.5-9-99.5-9-132.1s-2.6-102.7 9-132.1c7.8-19.6 22.9-34.7 42.6-42.6 29.5-11.7 99.5-9 132.1-9s102.7-2.6 132.1 9c19.6 7.8 34.7 22.9 42.6 42.6 11.7 29.5 9 99.5 9 132.1s2.7 102.7-9 132.1z\"><\/path><\/svg>\t\t\t\t\t<\/a>\n\t\t\t\t<\/span>\n\t\t\t\t\t\t\t<span class=\"elementor-grid-item\">\n\t\t\t\t\t<a class=\"elementor-icon elementor-social-icon elementor-social-icon-envelope elementor-animation-shrink elementor-repeater-item-ff2d181\" href=\"http:\/\/info@outsidein.pt\" target=\"_blank\">\n\t\t\t\t\t\t<span class=\"elementor-screen-only\">Envelope<\/span>\n\t\t\t\t\t\t<svg class=\"e-font-icon-svg e-fas-envelope\" viewBox=\"0 0 512 512\" xmlns=\"http:\/\/www.w3.org\/2000\/svg\"><path d=\"M502.3 190.8c3.9-3.1 9.7-.2 9.7 4.7V400c0 26.5-21.5 48-48 48H48c-26.5 0-48-21.5-48-48V195.6c0-5 5.7-7.8 9.7-4.7 22.4 17.4 52.1 39.5 154.1 113.6 21.1 15.4 56.7 47.8 92.2 47.6 35.7.3 72-32.8 92.3-47.6 102-74.1 131.6-96.3 154-113.7zM256 320c23.2.4 56.6-29.2 73.4-41.4 132.7-96.3 142.8-104.7 173.4-128.7 5.8-4.5 9.2-11.5 9.2-18.9v-19c0-26.5-21.5-48-48-48H48C21.5 64 0 85.5 0 112v19c0 7.4 3.4 14.3 9.2 18.9 30.6 23.9 40.7 32.4 173.4 128.7 16.8 12.2 50.2 41.8 73.4 41.4z\"><\/path><\/svg>\t\t\t\t\t<\/a>\n\t\t\t\t<\/span>\n\t\t\t\t\t<\/div>\n\t\t\t\t\t\t<\/div>\n\t\t\t\t<\/div>\n\t\t\t\t<\/div>\n\t\t\t\t\t<\/div>\n\t\t\t\t<\/div>\n\t\t<div class=\"elementor-element elementor-element-5be78da e-flex e-con-boxed e-con e-parent\" data-id=\"5be78da\" data-element_type=\"container\" data-settings=\"{&quot;background_background&quot;:&quot;classic&quot;}\">\n\t\t\t\t\t<div class=\"e-con-inner\">\n\t\t<div class=\"elementor-element elementor-element-5059a53 e-con-full e-flex e-con e-child\" data-id=\"5059a53\" data-element_type=\"container\">\n\t\t\t\t<div class=\"elementor-element elementor-element-53048ac elementor-widget elementor-widget-text-editor\" data-id=\"53048ac\" data-element_type=\"widget\" data-widget_type=\"text-editor.default\">\n\t\t\t\t<div class=\"elementor-widget-container\">\n\t\t\t\t\t\t\t\t\t<p>Outside In<\/p>\t\t\t\t\t\t\t\t<\/div>\n\t\t\t\t<\/div>\n\t\t\t\t<\/div>\n\t\t<div class=\"elementor-element elementor-element-e7acbe0 e-con-full e-flex e-con e-child\" data-id=\"e7acbe0\" data-element_type=\"container\">\n\t\t\t\t<div class=\"elementor-element elementor-element-fa83d83 elementor-widget elementor-widget-text-editor\" data-id=\"fa83d83\" data-element_type=\"widget\" data-widget_type=\"text-editor.default\">\n\t\t\t\t<div class=\"elementor-widget-container\">\n\t\t\t\t\t\t\t\t\t<p>Todos os direitos reservados &#8211; 2025<\/p>\t\t\t\t\t\t\t\t<\/div>\n\t\t\t\t<\/div>\n\t\t\t\t<\/div>\n\t\t\t\t\t<\/div>\n\t\t\t\t<\/div>\n\t\t\t\t<\/div>\n\t\t","protected":false},"excerpt":{"rendered":"<p>Sobre N\u00f3s Outside In nasceu com um prop\u00f3sito simples, mas ambicioso: transformar cada espet\u00e1culo ao vivo numa experi\u00eancia \u00fanica e inesquec\u00edvel, tanto para o p\u00fablico como para os artistas. Acreditamos no poder da m\u00fasica e das artes para emocionar, inspirar e criar momentos que perduram na mem\u00f3ria. Fundada por dois apaixonados pela m\u00fasica e pelo [&hellip;]<\/p>\n","protected":false},"author":1,"featured_media":0,"parent":0,"menu_order":0,"comment_status":"closed","ping_status":"closed","template":"","meta":{"footnotes":""},"class_list":["post-36","page","type-page","status-publish","hentry"],"_links":{"self":[{"href":"https:\/\/outsidein.pt\/index.php?rest_route=\/wp\/v2\/pages\/36","targetHints":{"allow":["GET"]}}],"collection":[{"href":"https:\/\/outsidein.pt\/index.php?rest_route=\/wp\/v2\/pages"}],"about":[{"href":"https:\/\/outsidein.pt\/index.php?rest_route=\/wp\/v2\/types\/page"}],"author":[{"embeddable":true,"href":"https:\/\/outsidein.pt\/index.php?rest_route=\/wp\/v2\/users\/1"}],"replies":[{"embeddable":true,"href":"https:\/\/outsidein.pt\/index.php?rest_route=%2Fwp%2Fv2%2Fcomments&post=36"}],"version-history":[{"count":50,"href":"https:\/\/outsidein.pt\/index.php?rest_route=\/wp\/v2\/pages\/36\/revisions"}],"predecessor-version":[{"id":351,"href":"https:\/\/outsidein.pt\/index.php?rest_route=\/wp\/v2\/pages\/36\/revisions\/351"}],"wp:attachment":[{"href":"https:\/\/outsidein.pt\/index.php?rest_route=%2Fwp%2Fv2%2Fmedia&parent=36"}],"curies":[{"name":"wp","href":"https:\/\/api.w.org\/{rel}","templated":true}]}}