{"id":218,"date":"2025-01-26T01:53:52","date_gmt":"2025-01-26T01:53:52","guid":{"rendered":"https:\/\/outsidein.pt\/?page_id=218"},"modified":"2025-01-30T01:26:48","modified_gmt":"2025-01-30T01:26:48","slug":"the-guit-kune-do","status":"publish","type":"page","link":"https:\/\/outsidein.pt\/?page_id=218","title":{"rendered":"The Guit Kune Do"},"content":{"rendered":"\t\t<div data-elementor-type=\"wp-page\" data-elementor-id=\"218\" class=\"elementor elementor-218\">\n\t\t\t\t<div class=\"elementor-element elementor-element-3ffa0ad e-flex e-con-boxed e-con e-parent\" data-id=\"3ffa0ad\" data-element_type=\"container\" data-settings=\"{&quot;background_background&quot;:&quot;classic&quot;}\">\n\t\t\t\t\t<div class=\"e-con-inner\">\n\t\t<div class=\"elementor-element elementor-element-28e9b61 e-con-full e-flex e-con e-child\" data-id=\"28e9b61\" data-element_type=\"container\">\n\t\t\t\t<\/div>\n\t\t\t\t\t<\/div>\n\t\t\t\t<\/div>\n\t\t<div class=\"elementor-element elementor-element-00a1e8e e-flex e-con-boxed e-con e-parent\" data-id=\"00a1e8e\" data-element_type=\"container\" data-settings=\"{&quot;background_background&quot;:&quot;classic&quot;}\">\n\t\t\t\t\t<div class=\"e-con-inner\">\n\t\t<div class=\"elementor-element elementor-element-7a6c64f e-flex e-con-boxed e-con e-child\" data-id=\"7a6c64f\" data-element_type=\"container\">\n\t\t\t\t\t<div class=\"e-con-inner\">\n\t\t\t\t<div class=\"elementor-element elementor-element-9bbb3cf elementor-widget elementor-widget-heading\" data-id=\"9bbb3cf\" data-element_type=\"widget\" data-widget_type=\"heading.default\">\n\t\t\t\t<div class=\"elementor-widget-container\">\n\t\t\t\t\t<h2 class=\"elementor-heading-title elementor-size-default\">The\u00a0Guit\u00a0Kune\u00a0Do<\/h2>\t\t\t\t<\/div>\n\t\t\t\t<\/div>\n\t\t\t\t\t<\/div>\n\t\t\t\t<\/div>\n\t\t\t\t\t<\/div>\n\t\t\t\t<\/div>\n\t\t<div class=\"elementor-element elementor-element-8465e93 e-grid e-con-boxed e-con e-parent\" data-id=\"8465e93\" data-element_type=\"container\" data-settings=\"{&quot;background_background&quot;:&quot;classic&quot;}\">\n\t\t\t\t\t<div class=\"e-con-inner\">\n\t\t\t\t<div class=\"elementor-element elementor-element-0eb1c1b elementor-widget elementor-widget-image\" data-id=\"0eb1c1b\" data-element_type=\"widget\" data-widget_type=\"image.default\">\n\t\t\t\t<div class=\"elementor-widget-container\">\n\t\t\t\t\t\t\t\t\t\t\t\t\t\t\t<img fetchpriority=\"high\" decoding=\"async\" width=\"207\" height=\"300\" src=\"https:\/\/outsidein.pt\/wp-content\/uploads\/2025\/01\/6-207x300.png\" class=\"attachment-medium size-medium wp-image-157\" alt=\"\" srcset=\"https:\/\/outsidein.pt\/wp-content\/uploads\/2025\/01\/6-207x300.png 207w, https:\/\/outsidein.pt\/wp-content\/uploads\/2025\/01\/6-706x1024.png 706w, https:\/\/outsidein.pt\/wp-content\/uploads\/2025\/01\/6-768x1114.png 768w, https:\/\/outsidein.pt\/wp-content\/uploads\/2025\/01\/6.png 1000w\" sizes=\"(max-width: 207px) 100vw, 207px\" \/>\t\t\t\t\t\t\t\t\t\t\t\t\t\t\t<\/div>\n\t\t\t\t<\/div>\n\t\t\t\t<div class=\"elementor-element elementor-element-9c5582c elementor-widget elementor-widget-text-editor\" data-id=\"9c5582c\" data-element_type=\"widget\" data-widget_type=\"text-editor.default\">\n\t\t\t\t<div class=\"elementor-widget-container\">\n\t\t\t\t\t\t\t\t\t<p><span style=\"font-weight: 400;\">Por muito que o\u00a0Jazz\u00a0seja a raiz da forma\u00e7\u00e3o\u00a0do\u00a0guitarrista e compositor\u00a0Andr\u00e9 B. Silva, ele n\u00e3o \u00e9 o seu \u00fanico ponto de partida e, muito menos, de chegada.<\/span><\/p><p><span style=\"font-weight: 400;\">Sem que isso colidisse com uma vis\u00e3o mais tradicional\u00a0do\u00a0Jazz, depurada nos dois anos que passou em Nova Iorque, e expressa em\u00a0Andr\u00e9 B. Silva 4tet, a forma como a sua escrita desafia as mais dogm\u00e1ticas classifica\u00e7\u00f5es, apropriando-se de uma s\u00e9rie de linguagens que moldaram a m\u00fasica popular moderna, para as desconstruir e incorporar em abordagens originais, j\u00e1 se havia exprimido no projecto internacionalmente aclamado\u00a0The Rite of Trio.<\/span><\/p><p><span style=\"font-weight: 400;\">Na sua mais recente aventura, junta cinco mestres guitarristas\u00a0do\u00a0Porto\u00a0e da\u00a0Galiza, um baixista e um baterista para prosseguir a sua busca por sonoridades, forma\u00e7\u00f5es e l\u00f3gicas menos exploradas.<\/span><\/p><p><span style=\"font-weight: 400;\">O resultado \u00e9\u00a0The\u00a0Guit\u00a0Kune\u00a0Do, uma ode ao seu instrumento, mas tamb\u00e9m aos ritmos <\/span><i><span style=\"font-weight: 400;\">mainstream<\/span><\/i><span style=\"font-weight: 400;\">\u00a0do\u00a0final\u00a0do\u00a0s\u00e9culo XX. As influ\u00eancias\u00a0do\u00a0jazz,\u00a0do\u00a0funk,\u00a0do\u00a0hip-hop e\u00a0do\u00a0rock est\u00e3o bem presentes na sua sonoridade e nos contrapont\u00edsticos e viciantes <\/span><i><span style=\"font-weight: 400;\">riffs<\/span><\/i><span style=\"font-weight: 400;\">, que tornam a utiliza\u00e7\u00e3o das cinco guitarras num aut\u00eantico doce auditivo.<\/span><\/p><p><span style=\"font-weight: 400;\">Um entusiasmante festival de m\u00fasica que \u00e9 ao mesmo tempo energ\u00e9tico e introspectivo; que agrada tanto ao p\u00fablico sentado que pretende viajar nas constru\u00e7\u00f5es mel\u00f3dicas e harm\u00f3nicas\u00a0do\u00a0grupo, como ao p\u00fablico de p\u00e9 que se quer perder na parede sonora das cinco guitarras.<\/span><\/p><p><span style=\"font-weight: 400;\">Com o primeiro \u00e1lbum editado em Novembro de 2020 pela consagrada\u00a0Carimbo Porta-Jazz,\u00a0The\u00a0Guit\u00a0Kune\u00a0Do\u00a0tem ganhado o entusiasmo e apoio de p\u00fablico e cr\u00edticos ao longo destes \u00faltimos anos.<\/span><\/p><p><em><span style=\"font-weight: 400;\">&#8220;Tudo cabe dentro desta salada portuguesa feita de estrilho electrificado e uma curiosa abordagem \u00e0 improvisa\u00e7\u00e3o que rende tape\u00e7arias feitas de malha(s) el\u00e9ctrica intrincada e sinceramente entusiasmante. E at\u00e9 seria coisa para resultar num festival n\u00e3o-jazz de cariz mais aventureiro.&#8221; &#8211; <\/span><span style=\"font-weight: 400;\">Rimas e Batidas<\/span><span style=\"font-weight: 400;\">, por Rui Miguel Abreu<\/span><\/em><\/p><p><em><span style=\"font-weight: 400;\">&#8220;Resumidamente, The Guit Kune Do \u00e9 um projecto em que Andr\u00e9 B. Silva mescla distintas influ\u00eancias com muito bom gosto e eleg\u00e2ncia. Al\u00e9m do mais, as suas composi\u00e7\u00f5es s\u00e3o executadas de forma fant\u00e1stica pelo ensemble que reuniu, revelando uma forte qu\u00edmica e sincronismo entre os m\u00fasicos. Um disco que teima em n\u00e3o sair das minhas colunas.&#8221; &#8211; <\/span><span style=\"font-weight: 400;\">Beats for Peeps<\/span><span style=\"font-weight: 400;\">, por Jo\u00e3o Morato<\/span><\/em><\/p><p><em><span style=\"font-weight: 400;\">&#8220;Esta abordagem proposta por Andr\u00e9 B. Silva resulta num belo conjunto de temas originais, que conquistam rapidamente o ouvinte.&#8221; &#8211; <\/span><span style=\"font-weight: 400;\">A Forma\u00a0do\u00a0Jazz<\/span><span style=\"font-weight: 400;\">,\u00a0por Nuno Catarino<\/span><\/em><\/p>\t\t\t\t\t\t\t\t<\/div>\n\t\t\t\t<\/div>\n\t\t\t\t\t<\/div>\n\t\t\t\t<\/div>\n\t\t<div class=\"elementor-element elementor-element-8c1a1a7 e-grid e-con-boxed e-con e-parent\" data-id=\"8c1a1a7\" data-element_type=\"container\" data-settings=\"{&quot;background_background&quot;:&quot;classic&quot;}\">\n\t\t\t\t\t<div class=\"e-con-inner\">\n\t\t<div class=\"elementor-element elementor-element-780055e e-flex e-con-boxed e-con e-child\" data-id=\"780055e\" data-element_type=\"container\">\n\t\t\t\t\t<div class=\"e-con-inner\">\n\t\t\t\t\t<\/div>\n\t\t\t\t<\/div>\n\t\t\t\t<div class=\"elementor-element elementor-element-8debc1f e-grid-align-left elementor-widget__width-initial e-grid-align-mobile-center elementor-shape-rounded elementor-grid-0 elementor-widget elementor-widget-social-icons\" data-id=\"8debc1f\" data-element_type=\"widget\" data-widget_type=\"social-icons.default\">\n\t\t\t\t<div class=\"elementor-widget-container\">\n\t\t\t\t\t\t\t<div class=\"elementor-social-icons-wrapper elementor-grid\">\n\t\t\t\t\t\t\t<span class=\"elementor-grid-item\">\n\t\t\t\t\t<a class=\"elementor-icon elementor-social-icon elementor-social-icon-instagram elementor-animation-shrink elementor-repeater-item-07ca896\" href=\"https:\/\/www.instagram.com\/theguitkunedo\/\" target=\"_blank\">\n\t\t\t\t\t\t<span class=\"elementor-screen-only\">Instagram<\/span>\n\t\t\t\t\t\t<svg class=\"e-font-icon-svg e-fab-instagram\" viewBox=\"0 0 448 512\" xmlns=\"http:\/\/www.w3.org\/2000\/svg\"><path d=\"M224.1 141c-63.6 0-114.9 51.3-114.9 114.9s51.3 114.9 114.9 114.9S339 319.5 339 255.9 287.7 141 224.1 141zm0 189.6c-41.1 0-74.7-33.5-74.7-74.7s33.5-74.7 74.7-74.7 74.7 33.5 74.7 74.7-33.6 74.7-74.7 74.7zm146.4-194.3c0 14.9-12 26.8-26.8 26.8-14.9 0-26.8-12-26.8-26.8s12-26.8 26.8-26.8 26.8 12 26.8 26.8zm76.1 27.2c-1.7-35.9-9.9-67.7-36.2-93.9-26.2-26.2-58-34.4-93.9-36.2-37-2.1-147.9-2.1-184.9 0-35.8 1.7-67.6 9.9-93.9 36.1s-34.4 58-36.2 93.9c-2.1 37-2.1 147.9 0 184.9 1.7 35.9 9.9 67.7 36.2 93.9s58 34.4 93.9 36.2c37 2.1 147.9 2.1 184.9 0 35.9-1.7 67.7-9.9 93.9-36.2 26.2-26.2 34.4-58 36.2-93.9 2.1-37 2.1-147.8 0-184.8zM398.8 388c-7.8 19.6-22.9 34.7-42.6 42.6-29.5 11.7-99.5 9-132.1 9s-102.7 2.6-132.1-9c-19.6-7.8-34.7-22.9-42.6-42.6-11.7-29.5-9-99.5-9-132.1s-2.6-102.7 9-132.1c7.8-19.6 22.9-34.7 42.6-42.6 29.5-11.7 99.5-9 132.1-9s102.7-2.6 132.1 9c19.6 7.8 34.7 22.9 42.6 42.6 11.7 29.5 9 99.5 9 132.1s2.7 102.7-9 132.1z\"><\/path><\/svg>\t\t\t\t\t<\/a>\n\t\t\t\t<\/span>\n\t\t\t\t\t\t\t<span class=\"elementor-grid-item\">\n\t\t\t\t\t<a class=\"elementor-icon elementor-social-icon elementor-social-icon-youtube elementor-animation-shrink elementor-repeater-item-ff57ac2\" href=\"https:\/\/www.youtube.com\/@theguitkunedo3419\" target=\"_blank\">\n\t\t\t\t\t\t<span class=\"elementor-screen-only\">Youtube<\/span>\n\t\t\t\t\t\t<svg class=\"e-font-icon-svg e-fab-youtube\" viewBox=\"0 0 576 512\" xmlns=\"http:\/\/www.w3.org\/2000\/svg\"><path d=\"M549.655 124.083c-6.281-23.65-24.787-42.276-48.284-48.597C458.781 64 288 64 288 64S117.22 64 74.629 75.486c-23.497 6.322-42.003 24.947-48.284 48.597-11.412 42.867-11.412 132.305-11.412 132.305s0 89.438 11.412 132.305c6.281 23.65 24.787 41.5 48.284 47.821C117.22 448 288 448 288 448s170.78 0 213.371-11.486c23.497-6.321 42.003-24.171 48.284-47.821 11.412-42.867 11.412-132.305 11.412-132.305s0-89.438-11.412-132.305zm-317.51 213.508V175.185l142.739 81.205-142.739 81.201z\"><\/path><\/svg>\t\t\t\t\t<\/a>\n\t\t\t\t<\/span>\n\t\t\t\t\t\t\t<span class=\"elementor-grid-item\">\n\t\t\t\t\t<a class=\"elementor-icon elementor-social-icon elementor-social-icon-envelope elementor-animation-shrink elementor-repeater-item-ff2d181\" href=\"http:\/\/info@outsidein.pt\" target=\"_blank\">\n\t\t\t\t\t\t<span class=\"elementor-screen-only\">Envelope<\/span>\n\t\t\t\t\t\t<svg class=\"e-font-icon-svg e-fas-envelope\" viewBox=\"0 0 512 512\" xmlns=\"http:\/\/www.w3.org\/2000\/svg\"><path d=\"M502.3 190.8c3.9-3.1 9.7-.2 9.7 4.7V400c0 26.5-21.5 48-48 48H48c-26.5 0-48-21.5-48-48V195.6c0-5 5.7-7.8 9.7-4.7 22.4 17.4 52.1 39.5 154.1 113.6 21.1 15.4 56.7 47.8 92.2 47.6 35.7.3 72-32.8 92.3-47.6 102-74.1 131.6-96.3 154-113.7zM256 320c23.2.4 56.6-29.2 73.4-41.4 132.7-96.3 142.8-104.7 173.4-128.7 5.8-4.5 9.2-11.5 9.2-18.9v-19c0-26.5-21.5-48-48-48H48C21.5 64 0 85.5 0 112v19c0 7.4 3.4 14.3 9.2 18.9 30.6 23.9 40.7 32.4 173.4 128.7 16.8 12.2 50.2 41.8 73.4 41.4z\"><\/path><\/svg>\t\t\t\t\t<\/a>\n\t\t\t\t<\/span>\n\t\t\t\t\t<\/div>\n\t\t\t\t\t\t<\/div>\n\t\t\t\t<\/div>\n\t\t\t\t\t<\/div>\n\t\t\t\t<\/div>\n\t\t<div class=\"elementor-element elementor-element-5be78da e-flex e-con-boxed e-con e-parent\" data-id=\"5be78da\" data-element_type=\"container\" data-settings=\"{&quot;background_background&quot;:&quot;classic&quot;}\">\n\t\t\t\t\t<div class=\"e-con-inner\">\n\t\t<div class=\"elementor-element elementor-element-5059a53 e-con-full e-flex e-con e-child\" data-id=\"5059a53\" data-element_type=\"container\">\n\t\t\t\t<div class=\"elementor-element elementor-element-53048ac elementor-widget elementor-widget-text-editor\" data-id=\"53048ac\" data-element_type=\"widget\" data-widget_type=\"text-editor.default\">\n\t\t\t\t<div class=\"elementor-widget-container\">\n\t\t\t\t\t\t\t\t\t<p>Outside In<\/p>\t\t\t\t\t\t\t\t<\/div>\n\t\t\t\t<\/div>\n\t\t\t\t<\/div>\n\t\t<div class=\"elementor-element elementor-element-e7acbe0 e-con-full e-flex e-con e-child\" data-id=\"e7acbe0\" data-element_type=\"container\">\n\t\t\t\t<div class=\"elementor-element elementor-element-fa83d83 elementor-widget elementor-widget-text-editor\" data-id=\"fa83d83\" data-element_type=\"widget\" data-widget_type=\"text-editor.default\">\n\t\t\t\t<div class=\"elementor-widget-container\">\n\t\t\t\t\t\t\t\t\t<p>Todos os direitos reservados &#8211; 2025<\/p>\t\t\t\t\t\t\t\t<\/div>\n\t\t\t\t<\/div>\n\t\t\t\t<\/div>\n\t\t\t\t\t<\/div>\n\t\t\t\t<\/div>\n\t\t\t\t<\/div>\n\t\t","protected":false},"excerpt":{"rendered":"<p>The\u00a0Guit\u00a0Kune\u00a0Do Por muito que o\u00a0Jazz\u00a0seja a raiz da forma\u00e7\u00e3o\u00a0do\u00a0guitarrista e compositor\u00a0Andr\u00e9 B. Silva, ele n\u00e3o \u00e9 o seu \u00fanico ponto de partida e, muito menos, de chegada. Sem que isso colidisse com uma vis\u00e3o mais tradicional\u00a0do\u00a0Jazz, depurada nos dois anos que passou em Nova Iorque, e expressa em\u00a0Andr\u00e9 B. Silva 4tet, a forma como a [&hellip;]<\/p>\n","protected":false},"author":1,"featured_media":0,"parent":118,"menu_order":0,"comment_status":"closed","ping_status":"closed","template":"","meta":{"footnotes":""},"class_list":["post-218","page","type-page","status-publish","hentry"],"_links":{"self":[{"href":"https:\/\/outsidein.pt\/index.php?rest_route=\/wp\/v2\/pages\/218","targetHints":{"allow":["GET"]}}],"collection":[{"href":"https:\/\/outsidein.pt\/index.php?rest_route=\/wp\/v2\/pages"}],"about":[{"href":"https:\/\/outsidein.pt\/index.php?rest_route=\/wp\/v2\/types\/page"}],"author":[{"embeddable":true,"href":"https:\/\/outsidein.pt\/index.php?rest_route=\/wp\/v2\/users\/1"}],"replies":[{"embeddable":true,"href":"https:\/\/outsidein.pt\/index.php?rest_route=%2Fwp%2Fv2%2Fcomments&post=218"}],"version-history":[{"count":13,"href":"https:\/\/outsidein.pt\/index.php?rest_route=\/wp\/v2\/pages\/218\/revisions"}],"predecessor-version":[{"id":345,"href":"https:\/\/outsidein.pt\/index.php?rest_route=\/wp\/v2\/pages\/218\/revisions\/345"}],"up":[{"embeddable":true,"href":"https:\/\/outsidein.pt\/index.php?rest_route=\/wp\/v2\/pages\/118"}],"wp:attachment":[{"href":"https:\/\/outsidein.pt\/index.php?rest_route=%2Fwp%2Fv2%2Fmedia&parent=218"}],"curies":[{"name":"wp","href":"https:\/\/api.w.org\/{rel}","templated":true}]}}