{"id":177,"date":"2025-01-26T01:30:09","date_gmt":"2025-01-26T01:30:09","guid":{"rendered":"https:\/\/outsidein.pt\/?page_id=177"},"modified":"2025-01-30T01:19:33","modified_gmt":"2025-01-30T01:19:33","slug":"adam-ben-ezra","status":"publish","type":"page","link":"https:\/\/outsidein.pt\/?page_id=177","title":{"rendered":"Adam Ben Ezra"},"content":{"rendered":"\t\t<div data-elementor-type=\"wp-page\" data-elementor-id=\"177\" class=\"elementor elementor-177\">\n\t\t\t\t<div class=\"elementor-element elementor-element-3ffa0ad e-flex e-con-boxed e-con e-parent\" data-id=\"3ffa0ad\" data-element_type=\"container\" data-settings=\"{&quot;background_background&quot;:&quot;classic&quot;}\">\n\t\t\t\t\t<div class=\"e-con-inner\">\n\t\t<div class=\"elementor-element elementor-element-28e9b61 e-con-full e-flex e-con e-child\" data-id=\"28e9b61\" data-element_type=\"container\">\n\t\t\t\t<\/div>\n\t\t\t\t\t<\/div>\n\t\t\t\t<\/div>\n\t\t<div class=\"elementor-element elementor-element-00a1e8e e-flex e-con-boxed e-con e-parent\" data-id=\"00a1e8e\" data-element_type=\"container\" data-settings=\"{&quot;background_background&quot;:&quot;classic&quot;}\">\n\t\t\t\t\t<div class=\"e-con-inner\">\n\t\t<div class=\"elementor-element elementor-element-7a6c64f e-flex e-con-boxed e-con e-child\" data-id=\"7a6c64f\" data-element_type=\"container\">\n\t\t\t\t\t<div class=\"e-con-inner\">\n\t\t\t\t<div class=\"elementor-element elementor-element-9bbb3cf elementor-widget elementor-widget-heading\" data-id=\"9bbb3cf\" data-element_type=\"widget\" data-widget_type=\"heading.default\">\n\t\t\t\t<div class=\"elementor-widget-container\">\n\t\t\t\t\t<h2 class=\"elementor-heading-title elementor-size-default\">Adam Bem Ezra<\/h2>\t\t\t\t<\/div>\n\t\t\t\t<\/div>\n\t\t\t\t\t<\/div>\n\t\t\t\t<\/div>\n\t\t\t\t\t<\/div>\n\t\t\t\t<\/div>\n\t\t<div class=\"elementor-element elementor-element-8465e93 e-grid e-con-boxed e-con e-parent\" data-id=\"8465e93\" data-element_type=\"container\" data-settings=\"{&quot;background_background&quot;:&quot;classic&quot;}\">\n\t\t\t\t\t<div class=\"e-con-inner\">\n\t\t\t\t<div class=\"elementor-element elementor-element-0eb1c1b elementor-widget elementor-widget-image\" data-id=\"0eb1c1b\" data-element_type=\"widget\" data-widget_type=\"image.default\">\n\t\t\t\t<div class=\"elementor-widget-container\">\n\t\t\t\t\t\t\t\t\t\t\t\t\t\t\t<img fetchpriority=\"high\" decoding=\"async\" width=\"207\" height=\"300\" src=\"https:\/\/outsidein.pt\/wp-content\/uploads\/2025\/01\/5-207x300.png\" class=\"attachment-medium size-medium wp-image-151\" alt=\"\" srcset=\"https:\/\/outsidein.pt\/wp-content\/uploads\/2025\/01\/5-207x300.png 207w, https:\/\/outsidein.pt\/wp-content\/uploads\/2025\/01\/5-706x1024.png 706w, https:\/\/outsidein.pt\/wp-content\/uploads\/2025\/01\/5-768x1114.png 768w, https:\/\/outsidein.pt\/wp-content\/uploads\/2025\/01\/5.png 1000w\" sizes=\"(max-width: 207px) 100vw, 207px\" \/>\t\t\t\t\t\t\t\t\t\t\t\t\t\t\t<\/div>\n\t\t\t\t<\/div>\n\t\t\t\t<div class=\"elementor-element elementor-element-9c5582c elementor-widget elementor-widget-text-editor\" data-id=\"9c5582c\" data-element_type=\"widget\" data-widget_type=\"text-editor.default\">\n\t\t\t\t<div class=\"elementor-widget-container\">\n\t\t\t\t\t\t\t\t\t<p style=\"text-align: left;\">Ao longo da \u00faltima d\u00e9cada, o multi instrumentista Adam Bem Ezra tem dado novas vidas ao contrabaixo e tem inspirado v\u00e1rios dos seus pares com a sua musicalidade e com assuas composi\u00e7\u00f5es, conquistando para si um lugar de destaque na m\u00fasica a n\u00edvelinternacional.<\/p><p style=\"text-align: left;\">Os v\u00eddeos com mais de 20 milh\u00f5es de visualiza\u00e7\u00f5es e a grande quantidade de seguidores que tem nas redes sociais fazem de Adam uma verdadeira estrela da internet. Por\u00e9m, o seu sucesso vai muito al\u00e9m do online, com centenas de concertos em nome pr\u00f3prio por toda a Europa e Estados Unidos da Am\u00e9rica. Snarky Puppy, Pat Metheny, Victor Wooten e Richard Bona s\u00e3o apenas alguns dos mais not\u00e1veis artistas com quem Adam Bem Ezra partilhou o palco, estando tamb\u00e9m habituado a tocar em grandes salas e festivais. O seu trabalho tem sido divulgado em algumas importantes publica\u00e7\u00f5es como a BBC, a CBS News, a Time Magazine e o The British Telegraph.<\/p><p style=\"text-align: left;\">Em Mar\u00e7o de 2020, Adam Bem Ezra editou o seu terceiro \u00e1lbum Hide and Seek. Um \u00e1lbum com tra\u00e7os de jazz, funk, R&amp;B, m\u00fasica eletr\u00f3nica e influ\u00eancias do m\u00e9dio oriente que fazem com que a linguagem musical das suas composi\u00e7\u00f5es seja facilmente reconhecida. Esta mistura \u00fanica de g\u00e9neros musicais fazem com que Adam seja um dos mais importantes m\u00fasicos da atualidade.<\/p><p style=\"text-align: left;\">O ano de 2023 assinala o 10o anivers\u00e1rio desde a primeira edi\u00e7\u00e3o de Adam Bem Ezra.<br \/>Esta ocasi\u00e3o ser\u00e1 celebrada com a edi\u00e7\u00e3o de um novo \u00e1lbum e com uma digress\u00e3o \u00fanica que ir\u00e1 ter bastantes surpresas. As novas sonoridades de ABE prometem impressionar e p\u00f4r toda a gente a dan\u00e7ar. 10 \u00e9 um n\u00famero redondo que vale a pena celebrar e Adam ir\u00e1 faz\u00ea-lo da melhor maneira.<\/p><p style=\"text-align: left;\">\u201cA dazzling virtuosity and breath-taking athletic performance\u201d \u2013 Jazz FM<\/p><p style=\"text-align: left;\">\u201cBringing the double-bass out of the shadows\u201d \u2013 BBC<\/p><p style=\"text-align: left;\">\u201cA spellbinding performer\u201d \u2013 The Telegraph<\/p><p style=\"text-align: left;\">\u201cI can\u2019t wait to see what else he comes up with\u201d \u2013 Time<\/p>\t\t\t\t\t\t\t\t<\/div>\n\t\t\t\t<\/div>\n\t\t\t\t\t<\/div>\n\t\t\t\t<\/div>\n\t\t<div class=\"elementor-element elementor-element-8c1a1a7 e-grid e-con-boxed e-con e-parent\" data-id=\"8c1a1a7\" data-element_type=\"container\" data-settings=\"{&quot;background_background&quot;:&quot;classic&quot;}\">\n\t\t\t\t\t<div class=\"e-con-inner\">\n\t\t<div class=\"elementor-element elementor-element-780055e e-flex e-con-boxed e-con e-child\" data-id=\"780055e\" data-element_type=\"container\">\n\t\t\t\t\t<div class=\"e-con-inner\">\n\t\t\t\t\t<\/div>\n\t\t\t\t<\/div>\n\t\t\t\t<div class=\"elementor-element elementor-element-8debc1f e-grid-align-left elementor-widget__width-initial elementor-shape-rounded elementor-grid-0 elementor-widget elementor-widget-social-icons\" data-id=\"8debc1f\" data-element_type=\"widget\" data-widget_type=\"social-icons.default\">\n\t\t\t\t<div class=\"elementor-widget-container\">\n\t\t\t\t\t\t\t<div class=\"elementor-social-icons-wrapper elementor-grid\">\n\t\t\t\t\t\t\t<span class=\"elementor-grid-item\">\n\t\t\t\t\t<a class=\"elementor-icon elementor-social-icon elementor-social-icon-facebook elementor-animation-shrink elementor-repeater-item-f858908\" href=\"https:\/\/www.facebook.com\/AdamBenEzra\/\" target=\"_blank\">\n\t\t\t\t\t\t<span class=\"elementor-screen-only\">Facebook<\/span>\n\t\t\t\t\t\t<svg class=\"e-font-icon-svg e-fab-facebook\" viewBox=\"0 0 512 512\" xmlns=\"http:\/\/www.w3.org\/2000\/svg\"><path d=\"M504 256C504 119 393 8 256 8S8 119 8 256c0 123.78 90.69 226.38 209.25 245V327.69h-63V256h63v-54.64c0-62.15 37-96.48 93.67-96.48 27.14 0 55.52 4.84 55.52 4.84v61h-31.28c-30.8 0-40.41 19.12-40.41 38.73V256h68.78l-11 71.69h-57.78V501C413.31 482.38 504 379.78 504 256z\"><\/path><\/svg>\t\t\t\t\t<\/a>\n\t\t\t\t<\/span>\n\t\t\t\t\t\t\t<span class=\"elementor-grid-item\">\n\t\t\t\t\t<a class=\"elementor-icon elementor-social-icon elementor-social-icon-instagram elementor-animation-shrink elementor-repeater-item-07ca896\" href=\"https:\/\/www.instagram.com\/adambenezra\/\" target=\"_blank\">\n\t\t\t\t\t\t<span class=\"elementor-screen-only\">Instagram<\/span>\n\t\t\t\t\t\t<svg class=\"e-font-icon-svg e-fab-instagram\" viewBox=\"0 0 448 512\" xmlns=\"http:\/\/www.w3.org\/2000\/svg\"><path d=\"M224.1 141c-63.6 0-114.9 51.3-114.9 114.9s51.3 114.9 114.9 114.9S339 319.5 339 255.9 287.7 141 224.1 141zm0 189.6c-41.1 0-74.7-33.5-74.7-74.7s33.5-74.7 74.7-74.7 74.7 33.5 74.7 74.7-33.6 74.7-74.7 74.7zm146.4-194.3c0 14.9-12 26.8-26.8 26.8-14.9 0-26.8-12-26.8-26.8s12-26.8 26.8-26.8 26.8 12 26.8 26.8zm76.1 27.2c-1.7-35.9-9.9-67.7-36.2-93.9-26.2-26.2-58-34.4-93.9-36.2-37-2.1-147.9-2.1-184.9 0-35.8 1.7-67.6 9.9-93.9 36.1s-34.4 58-36.2 93.9c-2.1 37-2.1 147.9 0 184.9 1.7 35.9 9.9 67.7 36.2 93.9s58 34.4 93.9 36.2c37 2.1 147.9 2.1 184.9 0 35.9-1.7 67.7-9.9 93.9-36.2 26.2-26.2 34.4-58 36.2-93.9 2.1-37 2.1-147.8 0-184.8zM398.8 388c-7.8 19.6-22.9 34.7-42.6 42.6-29.5 11.7-99.5 9-132.1 9s-102.7 2.6-132.1-9c-19.6-7.8-34.7-22.9-42.6-42.6-11.7-29.5-9-99.5-9-132.1s-2.6-102.7 9-132.1c7.8-19.6 22.9-34.7 42.6-42.6 29.5-11.7 99.5-9 132.1-9s102.7-2.6 132.1 9c19.6 7.8 34.7 22.9 42.6 42.6 11.7 29.5 9 99.5 9 132.1s2.7 102.7-9 132.1z\"><\/path><\/svg>\t\t\t\t\t<\/a>\n\t\t\t\t<\/span>\n\t\t\t\t\t\t\t<span class=\"elementor-grid-item\">\n\t\t\t\t\t<a class=\"elementor-icon elementor-social-icon elementor-social-icon-envelope elementor-animation-shrink elementor-repeater-item-ff2d181\" href=\"http:\/\/info@outsidein.pt\" target=\"_blank\">\n\t\t\t\t\t\t<span class=\"elementor-screen-only\">Envelope<\/span>\n\t\t\t\t\t\t<svg class=\"e-font-icon-svg e-fas-envelope\" viewBox=\"0 0 512 512\" xmlns=\"http:\/\/www.w3.org\/2000\/svg\"><path d=\"M502.3 190.8c3.9-3.1 9.7-.2 9.7 4.7V400c0 26.5-21.5 48-48 48H48c-26.5 0-48-21.5-48-48V195.6c0-5 5.7-7.8 9.7-4.7 22.4 17.4 52.1 39.5 154.1 113.6 21.1 15.4 56.7 47.8 92.2 47.6 35.7.3 72-32.8 92.3-47.6 102-74.1 131.6-96.3 154-113.7zM256 320c23.2.4 56.6-29.2 73.4-41.4 132.7-96.3 142.8-104.7 173.4-128.7 5.8-4.5 9.2-11.5 9.2-18.9v-19c0-26.5-21.5-48-48-48H48C21.5 64 0 85.5 0 112v19c0 7.4 3.4 14.3 9.2 18.9 30.6 23.9 40.7 32.4 173.4 128.7 16.8 12.2 50.2 41.8 73.4 41.4z\"><\/path><\/svg>\t\t\t\t\t<\/a>\n\t\t\t\t<\/span>\n\t\t\t\t\t<\/div>\n\t\t\t\t\t\t<\/div>\n\t\t\t\t<\/div>\n\t\t\t\t\t<\/div>\n\t\t\t\t<\/div>\n\t\t<div class=\"elementor-element elementor-element-5be78da e-flex e-con-boxed e-con e-parent\" data-id=\"5be78da\" data-element_type=\"container\" data-settings=\"{&quot;background_background&quot;:&quot;classic&quot;}\">\n\t\t\t\t\t<div class=\"e-con-inner\">\n\t\t<div class=\"elementor-element elementor-element-5059a53 e-con-full e-flex e-con e-child\" data-id=\"5059a53\" data-element_type=\"container\">\n\t\t\t\t<div class=\"elementor-element elementor-element-53048ac elementor-widget elementor-widget-text-editor\" data-id=\"53048ac\" data-element_type=\"widget\" data-widget_type=\"text-editor.default\">\n\t\t\t\t<div class=\"elementor-widget-container\">\n\t\t\t\t\t\t\t\t\t<p>Outside In<\/p>\t\t\t\t\t\t\t\t<\/div>\n\t\t\t\t<\/div>\n\t\t\t\t<\/div>\n\t\t<div class=\"elementor-element elementor-element-e7acbe0 e-con-full e-flex e-con e-child\" data-id=\"e7acbe0\" data-element_type=\"container\">\n\t\t\t\t<div class=\"elementor-element elementor-element-fa83d83 elementor-widget elementor-widget-text-editor\" data-id=\"fa83d83\" data-element_type=\"widget\" data-widget_type=\"text-editor.default\">\n\t\t\t\t<div class=\"elementor-widget-container\">\n\t\t\t\t\t\t\t\t\t<p>Todos os direitos reservados &#8211; 2025<\/p>\t\t\t\t\t\t\t\t<\/div>\n\t\t\t\t<\/div>\n\t\t\t\t<\/div>\n\t\t\t\t\t<\/div>\n\t\t\t\t<\/div>\n\t\t\t\t<\/div>\n\t\t","protected":false},"excerpt":{"rendered":"<p>Adam Bem Ezra Ao longo da \u00faltima d\u00e9cada, o multi instrumentista Adam Bem Ezra tem dado novas vidas ao contrabaixo e tem inspirado v\u00e1rios dos seus pares com a sua musicalidade e com assuas composi\u00e7\u00f5es, conquistando para si um lugar de destaque na m\u00fasica a n\u00edvelinternacional. Os v\u00eddeos com mais de 20 milh\u00f5es de visualiza\u00e7\u00f5es [&hellip;]<\/p>\n","protected":false},"author":1,"featured_media":0,"parent":118,"menu_order":0,"comment_status":"closed","ping_status":"closed","template":"","meta":{"footnotes":""},"class_list":["post-177","page","type-page","status-publish","hentry"],"_links":{"self":[{"href":"https:\/\/outsidein.pt\/index.php?rest_route=\/wp\/v2\/pages\/177","targetHints":{"allow":["GET"]}}],"collection":[{"href":"https:\/\/outsidein.pt\/index.php?rest_route=\/wp\/v2\/pages"}],"about":[{"href":"https:\/\/outsidein.pt\/index.php?rest_route=\/wp\/v2\/types\/page"}],"author":[{"embeddable":true,"href":"https:\/\/outsidein.pt\/index.php?rest_route=\/wp\/v2\/users\/1"}],"replies":[{"embeddable":true,"href":"https:\/\/outsidein.pt\/index.php?rest_route=%2Fwp%2Fv2%2Fcomments&post=177"}],"version-history":[{"count":16,"href":"https:\/\/outsidein.pt\/index.php?rest_route=\/wp\/v2\/pages\/177\/revisions"}],"predecessor-version":[{"id":321,"href":"https:\/\/outsidein.pt\/index.php?rest_route=\/wp\/v2\/pages\/177\/revisions\/321"}],"up":[{"embeddable":true,"href":"https:\/\/outsidein.pt\/index.php?rest_route=\/wp\/v2\/pages\/118"}],"wp:attachment":[{"href":"https:\/\/outsidein.pt\/index.php?rest_route=%2Fwp%2Fv2%2Fmedia&parent=177"}],"curies":[{"name":"wp","href":"https:\/\/api.w.org\/{rel}","templated":true}]}}